{"id":169,"date":"2024-06-16T11:10:12","date_gmt":"2024-06-16T09:10:12","guid":{"rendered":"https:\/\/www.consultingdesire.at\/?page_id=169"},"modified":"2025-11-25T12:38:34","modified_gmt":"2025-11-25T11:38:34","slug":"impressum","status":"publish","type":"page","link":"https:\/\/consultingdesire.at\/?page_id=169","title":{"rendered":"Impressum"},"content":{"rendered":"\n<p><strong>Unternehmensname <\/strong><br>Stocker Desire Maria, B.A. MA | Consulting Desire<\/p>\n\n\n\n<p><strong>Anschrift:<\/strong><br>9601 Arnoldstein<br>K\u00e4rnten, Austria<\/p>\n\n\n\n<p><strong>Kontakt:<\/strong><br>Telefon: +43 681 84 72 44 85<br>E-Mail: office@consultingdesire.at<br>Web: www.consultingdesire.at<\/p>\n\n\n\n<p><strong>Art des Unternehmens \/ Gewerbeberechtigung:<\/strong><br>Lebens- und Sozialberatung, eingeschr\u00e4nkt auf Psychosoziale Beratung<\/p>\n\n\n\n<p><strong>Aufsichtsbeh\u00f6rde \/ Zust\u00e4ndige Beh\u00f6rde:<\/strong><br>Bezirkshauptmannschaft Villach Land<\/p>\n\n\n\n<p><strong>Mitgliedschaften:<\/strong><br>WKO, SV\u00d6<\/p>\n\n\n\n<p><strong>Haftungsausschluss:<\/strong><br>F\u00fcr Inhalte wird keine Haftung \u00fcbernommen. F\u00fcr deren Inhalt sind ausschlie\u00dflich deren Betreiber:innen verantwortlich.<\/p>\n\n\n\n<p><strong>Urheberrecht:<\/strong><br>Alle Inhalte dieser Webseite unterliegen dem Urheberrecht. Jede Nutzung bedarf der schriftlichen Zustimmung.<\/p>\n","protected":false},"excerpt":{"rendered":"<p>Unternehmensname Stocker Desire Maria, B.A. MA | Consulting Desire Anschrift:9601 ArnoldsteinK\u00e4rnten, Austria Kontakt:Telefon: +43 681 84 72 44 85E-Mail: office@consultingdesire.atWeb: www.consultingdesire.at Art des Unternehmens \/ Gewerbeberechtigung:Lebens- und Sozialberatung, eingeschr\u00e4nkt auf Psychosoziale Beratung Aufsichtsbeh\u00f6rde \/ Zust\u00e4ndige Beh\u00f6rde:Bezirkshauptmannschaft Villach Land Mitgliedschaften:WKO, SV\u00d6 Haftungsausschluss:F\u00fcr Inhalte wird keine Haftung \u00fcbernommen. F\u00fcr deren Inhalt sind ausschlie\u00dflich deren Betreiber:innen verantwortlich. Urheberrecht:Alle [&hellip;]<\/p>\n","protected":false},"author":1,"featured_media":0,"parent":0,"menu_order":0,"comment_status":"closed","ping_status":"closed","template":"","meta":{"om_disable_all_campaigns":false,"_monsterinsights_skip_tracking":false,"_monsterinsights_sitenote_active":false,"_monsterinsights_sitenote_note":"","_monsterinsights_sitenote_category":0,"footnotes":""},"aioseo_notices":[],"_links":{"self":[{"href":"https:\/\/consultingdesire.at\/index.php?rest_route=\/wp\/v2\/pages\/169"}],"collection":[{"href":"https:\/\/consultingdesire.at\/index.php?rest_route=\/wp\/v2\/pages"}],"about":[{"href":"https:\/\/consultingdesire.at\/index.php?rest_route=\/wp\/v2\/types\/page"}],"author":[{"embeddable":true,"href":"https:\/\/consultingdesire.at\/index.php?rest_route=\/wp\/v2\/users\/1"}],"replies":[{"embeddable":true,"href":"https:\/\/consultingdesire.at\/index.php?rest_route=%2Fwp%2Fv2%2Fcomments&post=169"}],"version-history":[{"count":7,"href":"https:\/\/consultingdesire.at\/index.php?rest_route=\/wp\/v2\/pages\/169\/revisions"}],"predecessor-version":[{"id":504,"href":"https:\/\/consultingdesire.at\/index.php?rest_route=\/wp\/v2\/pages\/169\/revisions\/504"}],"wp:attachment":[{"href":"https:\/\/consultingdesire.at\/index.php?rest_route=%2Fwp%2Fv2%2Fmedia&parent=169"}],"curies":[{"name":"wp","href":"https:\/\/api.w.org\/{rel}","templated":true}]}}